{"id":1726,"date":"2015-10-07T11:59:10","date_gmt":"2015-10-07T11:59:10","guid":{"rendered":"https:\/\/www.ramirezdelapiscina.com\/en\/?page_id=1726"},"modified":"2015-10-07T15:54:12","modified_gmt":"2015-10-07T15:54:12","slug":"privacy-policy","status":"publish","type":"page","link":"https:\/\/www.ramirezdelapiscina.com\/en\/privacy-policy\/","title":{"rendered":"Privacy policy"},"content":{"rendered":"<p>In compliance with \u2018Ley34\/2002, de 11 de Julio\u2019, Services Information Society and\u00a0Electronic Commerce, the identifying data of the owner of the website<\/p>\n<p><a href=\"https:\/\/www.ramirezdelapiscina.com\">www.ramirezdelapiscina.com<\/a><\/p>\n<p><strong>Bodegas Ram\u00edrez S.L.<\/strong><\/p>\n<p>Pol\u00edgono Leguizam\u00f3n C\/ Zuberoa 3<\/p>\n<p>Etxebarri 48450<\/p>\n<p>Bizkaia<\/p>\n<p>CIF: B-48109706<\/p>\n<p>&nbsp;<\/p>\n<p>In case of any questions please contact us by phone (+34 94 426 11 02), or fax (+34\u00a094 426 11 02), or email (<a href=\"mailto:info@ramirezdelapiscina.com\">info@ramirezdelapiscina.com<\/a>).<\/p>\n<p>&nbsp;<\/p>\n<p>TERMS OF USE<\/p>\n<p>Bodegas Ramirez website aims to make available to users information on the\u00a0company and its products, so all its contents, layout and presentation, can be<\/p>\n<p>modified, updated, or deleted at any time without notice.\u00a0Bodegas Ramirez does not guarantee that all content is updated or is correct at all\u00a0times.<\/p>\n<p>&nbsp;<\/p>\n<p>INTELLECTUAL PROPERTY<\/p>\n<p>The contents of this website: text, images, marks, logos, animation, graphic design,\u00a0source code, etc. They are protected by the Spanish laws on Intellectual and<\/p>\n<p>Industrial Property for Bodegas Ram\u00edrez. It\u2019s totally forbidden the reproduction,\u00a0distribution or public communication in whole or in part, without the express<\/p>\n<p>authorization of Bodegas Ram\u00edrez.<\/p>\n<p>&nbsp;<\/p>\n<p>LINKS<\/p>\n<p>Bodegas Ramirez is not responsible for the contents or derivatives connected links\u00a0from another websites.<\/p>\n<p>&nbsp;<\/p>\n<p>DATA PROTECTION<\/p>\n<p>According to the provisions of \u2018Ley 15\/1999\u2019, we inform that the data obtained from\u00a0this form will be incorporated into an automated file under the responsibility of\u00a0BODEGAS RAMIREZ SL in order to answer your queries and send related\u00a0information that may be of interest. You can exercise your rights of access,<\/p>\n<p>rectification, cancellation and opposition by writing to our address ZUBEROA 3-\u00a048450, ETXEBARRI (Vizcaya).<\/p>\n<p>&nbsp;<\/p>\n<p>Until you tell us otherwise, we understand that your data has not been modified,\u00a0you agree to notify any change and that we have your consent to use for said<\/p>\n<p>purposes.<\/p>\n<p>The submission of this data implies acceptance of this clause.<\/p>\n","protected":false},"excerpt":{"rendered":"<p>In compliance with \u2018Ley34\/2002, de 11 de Julio\u2019, Services Information Society and\u00a0Electronic Commerce, the identifying data of the owner of the website www.ramirezdelapiscina.com Bodegas Ram\u00edrez S.L. Pol\u00edgono Leguizam\u00f3n C\/ Zuberoa 3 Etxebarri 48450 Bizkaia CIF: B-48109706 &nbsp; In case of any questions please contact us by phone (+34 94 426 11 02), or fax (+34\u00a094..<\/p>\n","protected":false},"author":1,"featured_media":1527,"parent":0,"menu_order":0,"comment_status":"closed","ping_status":"closed","template":"","meta":{"footnotes":""},"class_list":["post-1726","page","type-page","status-publish","has-post-thumbnail","hentry"],"yoast_head":"<!-- This site is optimized with the Yoast SEO plugin v23.6 - https:\/\/yoast.com\/wordpress\/plugins\/seo\/ -->\n<title>Privacy policy - Bodegas Ram\u00edrez de la Piscina<\/title>\n<meta name=\"robots\" content=\"noindex, nofollow\" \/>\n<meta property=\"og:locale\" content=\"de_DE\" \/>\n<meta property=\"og:type\" content=\"article\" \/>\n<meta property=\"og:title\" content=\"Privacy policy - Bodegas Ram\u00edrez de la Piscina\" \/>\n<meta property=\"og:description\" content=\"In compliance with \u2018Ley34\/2002, de 11 de Julio\u2019, Services Information Society and\u00a0Electronic Commerce, the identifying data of the owner of the website www.ramirezdelapiscina.com Bodegas Ram\u00edrez S.L. Pol\u00edgono Leguizam\u00f3n C\/ Zuberoa 3 Etxebarri 48450 Bizkaia CIF: B-48109706 &nbsp; In case of any questions please contact us by phone (+34 94 426 11 02), or fax (+34\u00a094..\" \/>\n<meta property=\"og:url\" content=\"https:\/\/www.ramirezdelapiscina.com\/en\/privacy-policy\/\" \/>\n<meta property=\"og:site_name\" content=\"Bodegas Ram\u00edrez de la Piscina\" \/>\n<meta property=\"article:publisher\" content=\"https:\/\/es-es.facebook.com\/bramirezdelapiscina\" \/>\n<meta property=\"article:modified_time\" content=\"2015-10-07T15:54:12+00:00\" \/>\n<meta property=\"og:image\" content=\"https:\/\/www.ramirezdelapiscina.com\/wp-content\/uploads\/2015\/09\/cabecera-tienda.jpg\" \/>\n\t<meta property=\"og:image:width\" content=\"1500\" \/>\n\t<meta property=\"og:image:height\" content=\"1127\" \/>\n\t<meta property=\"og:image:type\" content=\"image\/jpeg\" \/>\n<meta name=\"twitter:card\" content=\"summary_large_image\" \/>\n<meta name=\"twitter:site\" content=\"@BRamirezPiscina\" \/>\n<meta name=\"twitter:label1\" content=\"Est. reading time\" \/>\n\t<meta name=\"twitter:data1\" content=\"1 minute\" \/>\n<script type=\"application\/ld+json\" class=\"yoast-schema-graph\">{\"@context\":\"https:\/\/schema.org\",\"@graph\":[{\"@type\":\"WebPage\",\"@id\":\"https:\/\/www.ramirezdelapiscina.com\/en\/privacy-policy\/\",\"url\":\"https:\/\/www.ramirezdelapiscina.com\/en\/privacy-policy\/\",\"name\":\"Privacy policy - Bodegas Ram\u00edrez de la Piscina\",\"isPartOf\":{\"@id\":\"https:\/\/www.ramirezdelapiscina.com\/#website\"},\"primaryImageOfPage\":{\"@id\":\"https:\/\/www.ramirezdelapiscina.com\/en\/privacy-policy\/#primaryimage\"},\"image\":{\"@id\":\"https:\/\/www.ramirezdelapiscina.com\/en\/privacy-policy\/#primaryimage\"},\"thumbnailUrl\":\"https:\/\/www.ramirezdelapiscina.com\/wp-content\/uploads\/2015\/09\/cabecera-tienda.jpg\",\"datePublished\":\"2015-10-07T11:59:10+00:00\",\"dateModified\":\"2015-10-07T15:54:12+00:00\",\"breadcrumb\":{\"@id\":\"https:\/\/www.ramirezdelapiscina.com\/en\/privacy-policy\/#breadcrumb\"},\"inLanguage\":\"desfault\",\"potentialAction\":[{\"@type\":\"ReadAction\",\"target\":[\"https:\/\/www.ramirezdelapiscina.com\/en\/privacy-policy\/\"]}]},{\"@type\":\"ImageObject\",\"inLanguage\":\"desfault\",\"@id\":\"https:\/\/www.ramirezdelapiscina.com\/en\/privacy-policy\/#primaryimage\",\"url\":\"https:\/\/www.ramirezdelapiscina.com\/wp-content\/uploads\/2015\/09\/cabecera-tienda.jpg\",\"contentUrl\":\"https:\/\/www.ramirezdelapiscina.com\/wp-content\/uploads\/2015\/09\/cabecera-tienda.jpg\",\"width\":1500,\"height\":1127},{\"@type\":\"BreadcrumbList\",\"@id\":\"https:\/\/www.ramirezdelapiscina.com\/en\/privacy-policy\/#breadcrumb\",\"itemListElement\":[{\"@type\":\"ListItem\",\"position\":1,\"name\":\"Portada\",\"item\":\"https:\/\/www.ramirezdelapiscina.com\/en\/\"},{\"@type\":\"ListItem\",\"position\":2,\"name\":\"Privacy policy\"}]},{\"@type\":\"WebSite\",\"@id\":\"https:\/\/www.ramirezdelapiscina.com\/#website\",\"url\":\"https:\/\/www.ramirezdelapiscina.com\/\",\"name\":\"Bodegas Ram\u00edrez de la Piscina\",\"description\":\"Bodegas Ram\u00edrez de la Piscina\",\"publisher\":{\"@id\":\"https:\/\/www.ramirezdelapiscina.com\/#organization\"},\"potentialAction\":[{\"@type\":\"SearchAction\",\"target\":{\"@type\":\"EntryPoint\",\"urlTemplate\":\"https:\/\/www.ramirezdelapiscina.com\/?s={search_term_string}\"},\"query-input\":{\"@type\":\"PropertyValueSpecification\",\"valueRequired\":true,\"valueName\":\"search_term_string\"}}],\"inLanguage\":\"desfault\"},{\"@type\":\"Organization\",\"@id\":\"https:\/\/www.ramirezdelapiscina.com\/#organization\",\"name\":\"Bodegas Ram\u00edrez S.L.\",\"url\":\"https:\/\/www.ramirezdelapiscina.com\/\",\"logo\":{\"@type\":\"ImageObject\",\"inLanguage\":\"desfault\",\"@id\":\"https:\/\/www.ramirezdelapiscina.com\/#\/schema\/logo\/image\/\",\"url\":\"https:\/\/www.ramirezdelapiscina.com\/wp-content\/uploads\/2015\/09\/escudo-rdlp1.jpg\",\"contentUrl\":\"https:\/\/www.ramirezdelapiscina.com\/wp-content\/uploads\/2015\/09\/escudo-rdlp1.jpg\",\"width\":600,\"height\":196,\"caption\":\"Bodegas Ram\u00edrez S.L.\"},\"image\":{\"@id\":\"https:\/\/www.ramirezdelapiscina.com\/#\/schema\/logo\/image\/\"},\"sameAs\":[\"https:\/\/es-es.facebook.com\/bramirezdelapiscina\",\"https:\/\/x.com\/BRamirezPiscina\",\"https:\/\/www.youtube.com\/channel\/UClxNNk4IQO2eIxH3O9HJyrw\"]}]}<\/script>\n<!-- \/ Yoast SEO plugin. -->","yoast_head_json":{"title":"Privacy policy - Bodegas Ram\u00edrez de la Piscina","robots":{"index":"noindex","follow":"nofollow"},"og_locale":"de_DE","og_type":"article","og_title":"Privacy policy - Bodegas Ram\u00edrez de la Piscina","og_description":"In compliance with \u2018Ley34\/2002, de 11 de Julio\u2019, Services Information Society and\u00a0Electronic Commerce, the identifying data of the owner of the website www.ramirezdelapiscina.com Bodegas Ram\u00edrez S.L. Pol\u00edgono Leguizam\u00f3n C\/ Zuberoa 3 Etxebarri 48450 Bizkaia CIF: B-48109706 &nbsp; In case of any questions please contact us by phone (+34 94 426 11 02), or fax (+34\u00a094..","og_url":"https:\/\/www.ramirezdelapiscina.com\/en\/privacy-policy\/","og_site_name":"Bodegas Ram\u00edrez de la Piscina","article_publisher":"https:\/\/es-es.facebook.com\/bramirezdelapiscina","article_modified_time":"2015-10-07T15:54:12+00:00","og_image":[{"width":1500,"height":1127,"url":"https:\/\/www.ramirezdelapiscina.com\/wp-content\/uploads\/2015\/09\/cabecera-tienda.jpg","type":"image\/jpeg"}],"twitter_card":"summary_large_image","twitter_site":"@BRamirezPiscina","twitter_misc":{"Est. reading time":"1 minute"},"schema":{"@context":"https:\/\/schema.org","@graph":[{"@type":"WebPage","@id":"https:\/\/www.ramirezdelapiscina.com\/en\/privacy-policy\/","url":"https:\/\/www.ramirezdelapiscina.com\/en\/privacy-policy\/","name":"Privacy policy - Bodegas Ram\u00edrez de la Piscina","isPartOf":{"@id":"https:\/\/www.ramirezdelapiscina.com\/#website"},"primaryImageOfPage":{"@id":"https:\/\/www.ramirezdelapiscina.com\/en\/privacy-policy\/#primaryimage"},"image":{"@id":"https:\/\/www.ramirezdelapiscina.com\/en\/privacy-policy\/#primaryimage"},"thumbnailUrl":"https:\/\/www.ramirezdelapiscina.com\/wp-content\/uploads\/2015\/09\/cabecera-tienda.jpg","datePublished":"2015-10-07T11:59:10+00:00","dateModified":"2015-10-07T15:54:12+00:00","breadcrumb":{"@id":"https:\/\/www.ramirezdelapiscina.com\/en\/privacy-policy\/#breadcrumb"},"inLanguage":"desfault","potentialAction":[{"@type":"ReadAction","target":["https:\/\/www.ramirezdelapiscina.com\/en\/privacy-policy\/"]}]},{"@type":"ImageObject","inLanguage":"desfault","@id":"https:\/\/www.ramirezdelapiscina.com\/en\/privacy-policy\/#primaryimage","url":"https:\/\/www.ramirezdelapiscina.com\/wp-content\/uploads\/2015\/09\/cabecera-tienda.jpg","contentUrl":"https:\/\/www.ramirezdelapiscina.com\/wp-content\/uploads\/2015\/09\/cabecera-tienda.jpg","width":1500,"height":1127},{"@type":"BreadcrumbList","@id":"https:\/\/www.ramirezdelapiscina.com\/en\/privacy-policy\/#breadcrumb","itemListElement":[{"@type":"ListItem","position":1,"name":"Portada","item":"https:\/\/www.ramirezdelapiscina.com\/en\/"},{"@type":"ListItem","position":2,"name":"Privacy policy"}]},{"@type":"WebSite","@id":"https:\/\/www.ramirezdelapiscina.com\/#website","url":"https:\/\/www.ramirezdelapiscina.com\/","name":"Bodegas Ram\u00edrez de la Piscina","description":"Bodegas Ram\u00edrez de la Piscina","publisher":{"@id":"https:\/\/www.ramirezdelapiscina.com\/#organization"},"potentialAction":[{"@type":"SearchAction","target":{"@type":"EntryPoint","urlTemplate":"https:\/\/www.ramirezdelapiscina.com\/?s={search_term_string}"},"query-input":{"@type":"PropertyValueSpecification","valueRequired":true,"valueName":"search_term_string"}}],"inLanguage":"desfault"},{"@type":"Organization","@id":"https:\/\/www.ramirezdelapiscina.com\/#organization","name":"Bodegas Ram\u00edrez S.L.","url":"https:\/\/www.ramirezdelapiscina.com\/","logo":{"@type":"ImageObject","inLanguage":"desfault","@id":"https:\/\/www.ramirezdelapiscina.com\/#\/schema\/logo\/image\/","url":"https:\/\/www.ramirezdelapiscina.com\/wp-content\/uploads\/2015\/09\/escudo-rdlp1.jpg","contentUrl":"https:\/\/www.ramirezdelapiscina.com\/wp-content\/uploads\/2015\/09\/escudo-rdlp1.jpg","width":600,"height":196,"caption":"Bodegas Ram\u00edrez S.L."},"image":{"@id":"https:\/\/www.ramirezdelapiscina.com\/#\/schema\/logo\/image\/"},"sameAs":["https:\/\/es-es.facebook.com\/bramirezdelapiscina","https:\/\/x.com\/BRamirezPiscina","https:\/\/www.youtube.com\/channel\/UClxNNk4IQO2eIxH3O9HJyrw"]}]}},"_links":{"self":[{"href":"https:\/\/www.ramirezdelapiscina.com\/en\/wp-json\/wp\/v2\/pages\/1726"}],"collection":[{"href":"https:\/\/www.ramirezdelapiscina.com\/en\/wp-json\/wp\/v2\/pages"}],"about":[{"href":"https:\/\/www.ramirezdelapiscina.com\/en\/wp-json\/wp\/v2\/types\/page"}],"author":[{"embeddable":true,"href":"https:\/\/www.ramirezdelapiscina.com\/en\/wp-json\/wp\/v2\/users\/1"}],"replies":[{"embeddable":true,"href":"https:\/\/www.ramirezdelapiscina.com\/en\/wp-json\/wp\/v2\/comments?post=1726"}],"version-history":[{"count":3,"href":"https:\/\/www.ramirezdelapiscina.com\/en\/wp-json\/wp\/v2\/pages\/1726\/revisions"}],"predecessor-version":[{"id":1739,"href":"https:\/\/www.ramirezdelapiscina.com\/en\/wp-json\/wp\/v2\/pages\/1726\/revisions\/1739"}],"wp:featuredmedia":[{"embeddable":true,"href":"https:\/\/www.ramirezdelapiscina.com\/en\/wp-json\/wp\/v2\/media\/1527"}],"wp:attachment":[{"href":"https:\/\/www.ramirezdelapiscina.com\/en\/wp-json\/wp\/v2\/media?parent=1726"}],"curies":[{"name":"wp","href":"https:\/\/api.w.org\/{rel}","templated":true}]}}